{"id":251,"date":"2025-09-28T11:41:13","date_gmt":"2025-09-28T09:41:13","guid":{"rendered":"https:\/\/fogaszatimplant.hu\/?page_id=251"},"modified":"2026-02-02T13:35:20","modified_gmt":"2026-02-02T12:35:20","slug":"datenschutzbestimmungen","status":"publish","type":"page","link":"https:\/\/szolnayzoltanimplant.hu\/de\/adatkezelesi-szabalyzat\/","title":{"rendered":"Datenverarbeitungsrichtlinie"},"content":{"rendered":"<div data-elementor-type=\"wp-page\" data-elementor-id=\"251\" class=\"elementor elementor-251\" data-elementor-post-type=\"page\">\n\t\t\t\t<div class=\"elementor-element elementor-element-f2d0718 e-flex e-con-boxed e-con e-parent\" data-id=\"f2d0718\" data-element_type=\"container\" data-e-type=\"container\">\n\t\t\t\t\t<div class=\"e-con-inner\">\n\t\t<div class=\"elementor-element elementor-element-6a8b069 e-con-full e-flex e-con e-child\" data-id=\"6a8b069\" data-element_type=\"container\" data-e-type=\"container\">\n\t\t\t\t<div class=\"elementor-element elementor-element-2ffdeb6 elementor-widget elementor-widget-heading\" data-id=\"2ffdeb6\" data-element_type=\"widget\" data-e-type=\"widget\" data-widget_type=\"heading.default\">\n\t\t\t\t\t<h2 class=\"elementor-heading-title elementor-size-default\">Datenverarbeitungsrichtlinie<\/h2>\t\t\t\t<\/div>\n\t\t\t\t<div class=\"elementor-element elementor-element-5ac50e3 elementor-widget elementor-widget-heading\" data-id=\"5ac50e3\" data-element_type=\"widget\" data-e-type=\"widget\" data-widget_type=\"heading.default\">\n\t\t\t\t\t<h1 class=\"elementor-heading-title elementor-size-default\">Datenverarbeitungsrichtlinie - szolnayzoltanimplant.hu - Dekor Dent Implant Bt.<\/h1>\t\t\t\t<\/div>\n\t\t\t\t<\/div>\n\t\t\t\t\t<\/div>\n\t\t\t\t<\/div>\n\t\t<div class=\"elementor-element elementor-element-1e07e29 e-flex e-con-boxed e-con e-parent\" data-id=\"1e07e29\" data-element_type=\"container\" data-e-type=\"container\">\n\t\t\t\t\t<div class=\"e-con-inner\">\n\t\t<div class=\"elementor-element elementor-element-9a4a31f e-con-full e-flex e-con e-child\" data-id=\"9a4a31f\" data-element_type=\"container\" data-e-type=\"container\">\n\t\t\t\t<div class=\"elementor-element elementor-element-0c45831 elementor-widget elementor-widget-text-editor\" data-id=\"0c45831\" data-element_type=\"widget\" data-e-type=\"widget\" data-widget_type=\"text-editor.default\">\n\t\t\t\t\t\t\t\t\t<p>Datenverarbeitungserkl\u00e4rung<\/p><p>Die von Ihnen angegebenen personenbezogenen Daten werden verarbeitet von:<\/p><p><strong>Dekor Dent Implant Bt.<\/strong><\/p><p>Hauptsitz: 1123 Budapest, M\u00e1rv\u00e1ny-Stra\u00dfe 29, 3. Stock, 1. T\u00fcr<\/p><p>Steuernummer: 22564537-1-43<\/p><p>Firmenregistrierungsnummer: 01-06-796321<\/p><p>Registergericht: Handelsgericht des Metropolitangerichts \u2013 im Folgenden genannt: <strong>Datenverantwortlicher<\/strong>.<\/p><p>Bitte lesen Sie diese Datenschutzerkl\u00e4rung (nachfolgend \u201eDatenschutzerkl\u00e4rung\u201c genannt) sorgf\u00e4ltig durch. <strong>Information<\/strong>), in der wir unsere Vorgehensweise hinsichtlich der Verarbeitung Ihrer personenbezogenen Daten gem\u00e4\u00df der Datenschutz-Grundverordnung (DSGVO, d. h. Verordnung (EU) 2016\/679 des Europ\u00e4ischen Parlaments und des Rates) beschreiben. Diese Mitteilung richtet sich an Personen, die die Dienste des Verantwortlichen als Verbraucher nutzen (<strong>Zinn<\/strong>) gilt. Darin wird beschrieben, wie der Datenverantwortliche Ihre personenbezogenen Daten erhebt, verwendet und in bestimmten F\u00e4llen an Dritte weitergibt, und es werden Informationen \u00fcber Ihre Rechte als \u201ebetroffene Person\u201d in Bezug auf die Datenverarbeitung bereitgestellt.<\/p><p>Der Datenverantwortliche (<a href=\"https:\/\/szolnayzoltanimplant.hu\/de\/impressum\/\">Impressum<\/a>Wir verpflichten uns zum Schutz der personenbezogenen Daten und der Privatsph\u00e4re der Besucher dieser Website. Diese Informationen und Erkl\u00e4rung betreffen in erster Linie die vertrauliche Behandlung und den Schutz personenbezogener Daten von Kunden und Newsletter-Abonnenten im Internet, gelten aber auch f\u00fcr Besucher dieser Website. Wir fassen zusammen, welche Daten wir \u00fcber Sie erheben und verwenden und wie diese verwendet werden. Die Daten werden nicht an unbefugte Dritte weitergegeben und ausschlie\u00dflich in der in diesen Informationen beschriebenen Form verwendet.<\/p><p>Im Einzelfall kann sich der Zweck der Datenverarbeitung in Vertr\u00e4gen \u00e4ndern; dies erfolgt unter den im jeweiligen Vertrag festgelegten Bedingungen.<\/p><p>Diese Datenschutzerkl\u00e4rung enth\u00e4lt wichtige Informationen zum Schutz Ihrer personenbezogenen Daten und Ihren diesbez\u00fcglichen Rechten. Wenn Sie diesen Bedingungen nicht zustimmen, haben Sie das Recht, die Nutzung der Website einzustellen und das Browsen zu beenden, ohne personenbezogene Daten anzugeben.<\/p><p><strong>VERANTWORTUNG UND VERF\u00dcGBARKEIT DES DATENVERANTWORTLICHEN<\/strong><\/p><p><strong>1.1 Informationen zur Datenverarbeitung<\/strong><\/p><p>Bez\u00fcglich der in dieser Mitteilung beschriebenen Datenverarbeitung <strong>Dekor Dent Implant Bt.<\/strong> der Datenverantwortliche (nachfolgend genannt: <strong>Datenverantwortlicher<\/strong>).<\/p><p>Sollten Sie Anmerkungen, Fragen oder Beschwerden bez\u00fcglich unserer Datenschutzverfahren haben, k\u00f6nnen Sie uns unter folgenden Kontaktdaten erreichen: <strong>Dekor Dent Implant Bt.<\/strong>, 1123 Budapest, M\u00e1rv\u00e1ny utca 29. 3. Stock, T\u00fcr 1 oder schreiben Sie an die E-Mail-Adresse kapaksultan@szolnayzoltanimplant.hu.<\/p><table width=\"602\"><tbody><tr><td width=\"302\"><strong>Datenverantwortlicher<\/strong><\/td><td width=\"300\"><strong>Verantwortlichkeiten<\/strong><\/td><\/tr><tr><td width=\"302\"><strong>Dekor Dent Implant Bt.<\/strong><br \/>1123 Budapest, M\u00e1rv\u00e1ny-Stra\u00dfe 29. 3. Stock, 1. T\u00fcr<\/td><td width=\"300\">Alle Aktivit\u00e4ten<\/td><\/tr><\/tbody><\/table><p>Sie haben das Recht, unsere Websites zu besuchen, ohne Ihre personenbezogenen Daten anzugeben. Um jedoch auf unseren Websites surfen zu k\u00f6nnen, m\u00fcssen Sie unserer Cookie-Richtlinie zustimmen. Wenn Sie unseren Newsletter abonnieren, m\u00fcssen Sie au\u00dferdem der Datenschutzerkl\u00e4rung zustimmen. Personenbezogene Daten sind alle Informationen, die sich auf eine identifizierte oder identifizierbare nat\u00fcrliche Person beziehen. Als identifizierbar wird eine nat\u00fcrliche Person angesehen, die direkt oder indirekt, insbesondere mittels einer Kennnummer oder anderer damit verbundener Daten, identifiziert werden kann. Sollte der Websitebetreiber Ihre personenbezogenen Daten erheben, erfolgt dies unter Einhaltung einer transparenten und vertraulichen Datenverarbeitung.<\/p><p>Ihre personenbezogenen Daten sind Informationen, die zu Ihrer Identifizierung verwendet werden k\u00f6nnen, wie z. B. Nachname, Vorname, Nationalit\u00e4t, Telefonnummer, Postanschrift und E-Mail-Adresse. Diese Daten werden vom Website-Betreiber freiwillig erhoben, wenn Sie die Website besuchen. Dabei wird Ihnen jeweils angezeigt, welche Daten f\u00fcr den jeweiligen Zweck erforderlich sind. Wenn Sie diese Daten nicht angeben m\u00f6chten, k\u00f6nnen Sie bestimmte Funktionen und Dienste der Website nicht nutzen. Die Erhebung der optionalen Daten dient dazu, die Bed\u00fcrfnisse der Nutzer besser zu verstehen und die Website sowie die angebotenen Dienste weiterzuentwickeln.<\/p><p>Der Inhaber trifft alle Ma\u00dfnahmen, um sicherzustellen, dass die von ihm verarbeiteten personenbezogenen Daten korrekt und aktuell sind.<\/p><p><strong>Folgende personenbezogene Daten werden verarbeitet:<\/strong><\/p><ul><li>Nachname, Vorname, Ansprechpartner<\/li><li>E-Mail-Adresse<\/li><li>Telefonnummer<\/li><li>Nachrichtentext<\/li><li>Systeminformationen (IP-Adresse, Systemversion, Aufl\u00f6sung, Statistiken zu den auf der Website aufgerufenen Seiten, Surfverhalten, Verhaltensmuster)<\/li><\/ul><p><strong>Dauer der Datenverarbeitung:<\/strong><\/p><ul><li>F\u00fcr Direktmarketingzwecke, bis der Nutzer seine Einwilligung widerruft<\/li><li>4 Jahre ab dem letzten Login f\u00fcr Profildaten<\/li><li>Hinsichtlich der Kaufdaten gilt eine Aufbewahrungsfrist von 8 Jahren gem\u00e4\u00df Abschnitt 169 (2) des Rechnungslegungsgesetzes.<\/li><\/ul><p><strong>Bedingungen f\u00fcr die Daten\u00fcbertragung<\/strong><\/p><p>Der Datenverantwortliche kann die von ihm verarbeiteten Daten \u2013 soweit erforderlich \u2013 an von ihm benannte Personen und Unternehmen in den folgenden Bereichen \u00fcbermitteln:<\/p><ul><li>Datenverarbeitung<\/li><li>Rechtsvertretung<\/li><li>Vom Gesetz zur Beilegung von Rechtsstreitigkeiten befugte Stellen<\/li><li>Lieferung<\/li><li>Buchhaltung<\/li><li>Forderungsmanagement<\/li><li>Marketing<\/li><li>Fakturierung<\/li><\/ul><p><strong>Datenverarbeiter<\/strong><\/p><p>Bei einem Kauf im Webshop \u00fcbermittelt der Datenverantwortliche (abh\u00e4ngig von der vom Nutzer gew\u00e4hlten Liefermethode) den Namen des Nutzers, die Lieferadresse (im Falle eines Kurierdienstes die E-Mail-Adresse und die Telefonnummer \u2013 zur Abstimmung des Liefertermins) sowie Informationen zum Kaufpreis des abzuholenden Produkts (der gegebenenfalls im Voraus bezahlt wird) an das Lieferunternehmen zum Zweck der Zustellung des Produkts an den Nutzer.<\/p><h3>\u00a0<\/h3><p><strong>Unternehmen und Personen, die Daten verarbeiten oder an der Datenverwaltung beteiligt sind<\/strong><\/p><p>Der Eigent\u00fcmer, <strong>Dekor Dent Implant Bt.<\/strong> verarbeitet die Daten. Neben dem Eigent\u00fcmer sind auch andere Unternehmen an der Verwaltung und Speicherung der Daten von Vertragskunden beteiligt.<\/p><p><strong>Welche Unternehmen sind an der Datenverarbeitung beteiligt?<\/strong><\/p><p>Unternehmen, die w\u00e4hrend der Aktivit\u00e4ten des Eigent\u00fcmers an der Datenverarbeitung beteiligt sind:<\/p><p>Es ist notwendig, alle Dienstleister aufzulisten, bei denen personenbezogene Daten vorkommen:<\/p><ul><li>Hosting-Anbieter: <strong>RACKFOREST INFORMATION TECHNOLOGY HANDELSDIENSTLEISTUNG UND BERATUNG LTD. (1132 Budapest, Victor Hugo utca 18-22, 3. Stock 3008 a. info@rackforest.hu) <\/strong><\/li><li><strong>Google Inc.<\/strong>: 1600 Amphitheater Parkway, Mountain View, CA 94043, USA, <a href=\"https:\/\/www.google.hu\/intl\/hu\/contact\/\">weitere Kontaktdaten<\/a>, E-Mail-System, Cloud-Daten- und Dateispeicherung, Online-Dokumentenverwaltung und verwandte Dienste: Google Drive, Google Docs, Google Search Console, Google Analytics, Google AdSense, Google AdWords, YouTube, Blogger, Chrome-Browser-Unterst\u00fctzung \u2013 Google <a href=\"https:\/\/support.google.com\/a\/answer\/60762?hl=en\">Datenschutz<\/a> Und <a href=\"https:\/\/policies.google.com\/privacy?hl=hu\">Datenschutzgrunds\u00e4tze<\/a>.<\/li><li><strong>Facebook Ireland Ltd.<\/strong>: 4 Grand Canal Square, Grand Canal Harbour, Dublin 2, Irland, mit Unterst\u00fctzung f\u00fcr Facebook, Instagram, Messenger und andere Produkte und Funktionen von Facebook \u2013 <a href=\"https:\/\/www.facebook.com\/about\/privacy\/update\">Datenverarbeitungsrichtlinie<\/a> und Datenschutzbeauftragter <a href=\"https:\/\/www.facebook.com\/help\/contact\/540977946302970\">Verf\u00fcgbarkeit<\/a><a href=\"https:\/\/www.facebook.com\/help\/contact\/540977946302970\">.<\/a><\/li><li><strong>Twitter International Company<\/strong>: One Cumberland Place, Fenian Street, Dublin 2, D02 AX07 IRLAND, Nutzung von Produkten und Funktionen, die von Twitter angeboten werden \u2013 <a href=\"https:\/\/twitter.com\/en\/privacy\">Datenverarbeitungsrichtlinie<\/a> Und <a href=\"https:\/\/twitter.com\/en\/tos\">asf<\/a>.<\/li><li>In besonderen F\u00e4llen k\u00f6nnen im Vertrag auch weitere Personen oder Unternehmen zur Datenverarbeitung einbezogen werden.<\/li><\/ul><p><strong>Rechte der betroffenen Personen und deren Durchsetzung<\/strong><\/p><p>Wenn Sie nicht m\u00f6chten, dass Ihre personenbezogenen Daten zum Zweck der \u00dcbermittlung von Werbeangeboten verwendet werden, haben Sie das Recht, dies ohne Angabe von Gr\u00fcnden zu untersagen. Ihren Antrag auf L\u00f6schung m\u00fcssen Sie schriftlich per E-Mail oder per Post an den Verantwortlichen f\u00fcr die Datenverarbeitung richten: <a href=\"https:\/\/szolnayzoltanimplant.hu\/de\/impressum\/\">Impressum<\/a> an die angegebenen Kontaktdaten.<\/p><p><strong>Schutz personenbezogener Daten von Minderj\u00e4hrigen und Personen mit beschr\u00e4nkter Gesch\u00e4ftsf\u00e4higkeit<\/strong><\/p><p><strong>Dekor Dent Implant Bt. <\/strong>Die Inhalte und die Darstellung unserer Website sind gr\u00f6\u00dftenteils nicht f\u00fcr Kinder unter 13 Jahren bestimmt. Wir verarbeiten oder erheben keine personenbezogenen Daten von Kindern unter 13 Jahren ohne nachweisliche Einwilligung der Eltern oder Erziehungsberechtigten. Eltern oder Erziehungsberechtigte k\u00f6nnen die Freigabe oder L\u00f6schung der Daten ihres Kindes beantragen. Wird dem Verantwortlichen das Alter des Kindes w\u00e4hrend der Datenverwaltung und -verarbeitung bekannt, k\u00f6nnen die Daten zur Einholung der elterlichen Einwilligung verwendet werden.<\/p><p>F\u00fcr die Erkl\u00e4rung eines Minderj\u00e4hrigen mit beschr\u00e4nkter Gesch\u00e4ftsf\u00e4higkeit oder eines gesch\u00e4ftsunf\u00e4higen Minderj\u00e4hrigen ist die Zustimmung eines gesetzlichen Vertreters erforderlich, au\u00dfer bei Dienstleistungen, die auf die Massenregistrierung abzielen, im Alltag vorkommen und keiner besonderen Ber\u00fccksichtigung bed\u00fcrfen.<\/p><h3>\u00a0<\/h3><p><strong>Cookies verwalten<\/strong><\/p><p>Mehr Informationen dar\u00fcber, wie wir mit Cookies umgehen, finden Sie in unserer Cookie-Richtlinie.<\/p><h3>\u00a0<\/h3><p><strong>Konzepte<\/strong><\/p><ul><li><strong>Datenverarbeiter: <\/strong>eine nat\u00fcrliche oder juristische Person, Beh\u00f6rde, Einrichtung oder sonstige Stelle, die personenbezogene Daten im Auftrag des Verantwortlichen verarbeitet<\/li><li><strong>Datenmanagement: <\/strong>Jeder Vorgang oder jede Vorgangsreihe, die mit personenbezogenen Daten oder Datens\u00e4tzen durchgef\u00fchrt wird, unabh\u00e4ngig davon, ob dies automatisiert erfolgt oder nicht, wie beispielsweise: Erhebung, Aufzeichnung, Organisation, Strukturierung, Speicherung, Anpassung, Ver\u00e4nderung, Abruf, Abfrage, Verwendung, Offenlegung, \u00dcbermittlung, Verbreitung oder sonstige Bereitstellung, Abgleich oder Verkn\u00fcpfung, Einschr\u00e4nkung, L\u00f6schung, Vernichtung<\/li><li><strong>Daten\u00fcbertragung:<\/strong> die vom Verantwortlichen verarbeiteten personenbezogenen Daten Dritten zug\u00e4nglich zu machen<\/li><li><strong>Datenschutzvorfall: <\/strong>eine Sicherheitsverletzung, die zur versehentlichen oder unrechtm\u00e4\u00dfigen Zerst\u00f6rung, zum Verlust, zur Ver\u00e4nderung, zur unbefugten Offenlegung oder zum unbefugten Zugriff auf \u00fcbermittelte, gespeicherte oder anderweitig verarbeitete personenbezogene Daten f\u00fchrt.<\/li><li><strong>Gesch\u00e4ftsbedingungen<\/strong>Die auf der Website ver\u00f6ffentlichten Allgemeinen Gesch\u00e4ftsbedingungen legen die Verkaufsregeln f\u00fcr Produkte und Dienstleistungen des Datenverantwortlichen fest.<\/li><li><strong>Identifizierbare nat\u00fcrliche Person:<\/strong> Eine nat\u00fcrliche Person, die direkt oder indirekt, insbesondere mittels Zuordnung zu einer Kennung wie einem Namen, einer Kennnummer, Standortdaten, einer Online-Kennung oder einem oder mehreren Merkmalen, die f\u00fcr die physische, physiologische, genetische, psychische, wirtschaftliche, kulturelle oder soziale Identit\u00e4t dieser Person spezifisch sind, identifiziert werden kann.<\/li><li><strong>Adressat:<\/strong> nat\u00fcrliche oder juristische Personen, Beh\u00f6rden, Einrichtungen oder sonstige Stellen, denen personenbezogene Daten offengelegt werden, unabh\u00e4ngig davon, ob es sich um Dritte handelt oder nicht<\/li><li><strong>Einwilligung der betroffenen Person:<\/strong> eine freiwillig, konkret, informiert und unmissverst\u00e4ndlich abgegebene Willensbekundung der betroffenen Person, mit der die betroffene Person durch eine Erkl\u00e4rung oder eine eindeutige best\u00e4tigende Handlung ihr Einverst\u00e4ndnis zur Verarbeitung der sie betreffenden personenbezogenen Daten erkl\u00e4rt.<\/li><li><strong>Betroffen:<\/strong> jede nat\u00fcrliche Person, die anhand von Informationen identifiziert oder identifizierbar ist.<\/li><li><strong>Benutzer:<\/strong> Besucher der vom Datenverantwortlichen betriebenen Websites, die unter der Website https:\/\/www.szolnayzoltanimplant.hu und anderen dort angegebenen Adressen abrufbar sind.<\/li><li><strong>Dritte Seite:<\/strong> eine nat\u00fcrliche oder juristische Person, Beh\u00f6rde, Einrichtung oder sonstige Stelle au\u00dfer der betroffenen Person, dem Verantwortlichen, dem Auftragsverarbeiter oder den Personen, die unter der direkten Verantwortung des Verantwortlichen oder des Auftragsverarbeiters zur Verarbeitung personenbezogener Daten befugt sind.<\/li><li><strong>Beh\u00f6rden: <\/strong>Nationale Beh\u00f6rde f\u00fcr Datenschutz und Informationsfreiheit (Hauptsitz: 1125 Budapest, Szil\u00e1gyi Erzs\u00e9bet fasor 22\/c., Telefon: 06-1 391-1400, Fax: 06-1 391-1410, E-Mail: ugyfelszolgalat@naih.hu, Website: naih.hu)<\/li><li><strong>Partner\/Kunde:<\/strong> eine nat\u00fcrliche Person, die mit dem Datenverantwortlichen einen Vertrag \u00fcber den Verkauf eines Produkts oder die Erbringung einer Dienstleistung abschlie\u00dft, die nicht auf einer Website stattfindet.<\/li><li><strong>Anmeldung: <\/strong>Erfassung der pers\u00f6nlichen Daten des Website-Nutzers zur Erstellung eines Benutzerkontos<\/li><li><strong>Pers\u00f6nliche Daten:<\/strong> alle Informationen, die die betroffene Person betreffen<\/li><li><strong>Service: <\/strong>vom Datenverantwortlichen seinen Kunden, Partnern und Nutzern auf der Website oder auf andere Weise zur Verf\u00fcgung gestellt.<\/li><li><strong>Webseite:<\/strong> betrieben vom Datenverantwortlichen, <strong>Dekor Dent Implant Bt.<\/strong> und die dazugeh\u00f6rigen Websites, die unter anderen darin angegebenen Adressen erreichbar sind<\/li><\/ul><p><strong>\u00a0<\/strong><\/p>\t\t\t\t\t\t\t\t<\/div>\n\t\t\t\t<\/div>\n\t\t\t\t\t<\/div>\n\t\t\t\t<\/div>\n\t\t\t\t<\/div>","protected":false},"excerpt":{"rendered":"<p>Adatkezel\u00e9si szab\u00e1lyzat Adatkezel\u00e9si szab\u00e1lyzat &#8211; szolnayzoltanimplant.hu &#8211; Dekor Dent Implant Bt. Adatkezel\u00e9si nyilatkozat Az \u00d6n \u00e1ltal megadott szem\u00e9lyes adatokat kezeli: Dekor Dent Implant Bt Sz\u00e9khely: 1123 Budapest, M\u00e1rv\u00e1ny utca 29. 3. em. 1. ajt\u00f3 Ad\u00f3sz\u00e1m: 22564537-1-43 C\u00e9gjegyz\u00e9ksz\u00e1m: 01-06-796321 Nyilv\u00e1ntart\u00e1sba bejegyz\u0151 b\u00edr\u00f3s\u00e1g: F\u0151v\u00e1rosi T\u00f6rv\u00e9nysz\u00e9k C\u00e9gb\u00edr\u00f3s\u00e1ga &#8211; a tov\u00e1bbiakban: Adatkezel\u0151. K\u00e9rj\u00fck, figyelmesen olvassa el jelen adatkezel\u00e9si t\u00e1j\u00e9koztat\u00f3nkat [&hellip;]<\/p>\n","protected":false},"author":1,"featured_media":0,"parent":0,"menu_order":0,"comment_status":"closed","ping_status":"closed","template":"elementor_header_footer","meta":{"_seopress_robots_primary_cat":"","_seopress_titles_title":"","_seopress_titles_desc":"","_seopress_robots_index":"yes","footnotes":""},"class_list":["post-251","page","type-page","status-publish","hentry"],"_links":{"self":[{"href":"https:\/\/szolnayzoltanimplant.hu\/de\/wp-json\/wp\/v2\/pages\/251","targetHints":{"allow":["GET"]}}],"collection":[{"href":"https:\/\/szolnayzoltanimplant.hu\/de\/wp-json\/wp\/v2\/pages"}],"about":[{"href":"https:\/\/szolnayzoltanimplant.hu\/de\/wp-json\/wp\/v2\/types\/page"}],"author":[{"embeddable":true,"href":"https:\/\/szolnayzoltanimplant.hu\/de\/wp-json\/wp\/v2\/users\/1"}],"replies":[{"embeddable":true,"href":"https:\/\/szolnayzoltanimplant.hu\/de\/wp-json\/wp\/v2\/comments?post=251"}],"version-history":[{"count":22,"href":"https:\/\/szolnayzoltanimplant.hu\/de\/wp-json\/wp\/v2\/pages\/251\/revisions"}],"predecessor-version":[{"id":3167,"href":"https:\/\/szolnayzoltanimplant.hu\/de\/wp-json\/wp\/v2\/pages\/251\/revisions\/3167"}],"wp:attachment":[{"href":"https:\/\/szolnayzoltanimplant.hu\/de\/wp-json\/wp\/v2\/media?parent=251"}],"curies":[{"name":"wp","href":"https:\/\/api.w.org\/{rel}","templated":true}]}}