{"id":56,"date":"2025-09-27T16:51:34","date_gmt":"2025-09-27T14:51:34","guid":{"rendered":"https:\/\/fogaszatimplant.hu\/?page_id=56"},"modified":"2026-02-02T11:14:19","modified_gmt":"2026-02-02T10:14:19","slug":"unsere-rolle","status":"publish","type":"page","link":"https:\/\/szolnayzoltanimplant.hu\/de\/rolunk\/","title":{"rendered":"\u00dcber uns"},"content":{"rendered":"<div data-elementor-type=\"wp-page\" data-elementor-id=\"56\" class=\"elementor elementor-56\" data-elementor-post-type=\"page\">\n\t\t\t\t<div class=\"elementor-element elementor-element-2a7dbd14 e-flex e-con-boxed e-con e-parent\" data-id=\"2a7dbd14\" data-element_type=\"container\" data-e-type=\"container\">\n\t\t\t\t\t<div class=\"e-con-inner\">\n\t\t<div class=\"elementor-element elementor-element-4af40506 e-con-full e-flex e-con e-child\" data-id=\"4af40506\" data-element_type=\"container\" data-e-type=\"container\">\n\t\t\t\t<div class=\"elementor-element elementor-element-6df9f4f1 elementor-widget elementor-widget-heading\" data-id=\"6df9f4f1\" data-element_type=\"widget\" data-e-type=\"widget\" data-widget_type=\"heading.default\">\n\t\t\t\t\t<h1 class=\"elementor-heading-title elementor-size-default\">Mein beruflicher Werdegang und meine \u00dcberzeugungen<\/h1>\t\t\t\t<\/div>\n\t\t\t\t<div class=\"elementor-element elementor-element-62b1ea49 elementor-widget elementor-widget-text-editor\" data-id=\"62b1ea49\" data-element_type=\"widget\" data-e-type=\"widget\" data-widget_type=\"text-editor.default\">\n\t\t\t\t\t\t\t\t\t<p>Jeder unserer Patienten erh\u00e4lt einen individuellen, einzigartigen Behandlungsplan \u2013 immer auf seine Bed\u00fcrfnisse und die besten professionellen L\u00f6sungen abgestimmt.<\/p>\t\t\t\t\t\t\t\t<\/div>\n\t\t\t\t<\/div>\n\t\t\t\t\t<\/div>\n\t\t\t\t<\/div>\n\t\t<div class=\"elementor-element elementor-element-430d1293 e-con-full e-flex e-con e-parent\" data-id=\"430d1293\" data-element_type=\"container\" data-e-type=\"container\" data-settings=\"{&quot;background_background&quot;:&quot;classic&quot;}\">\n\t\t\t\t<div class=\"elementor-element elementor-element-712dc806 elementor-widget__width-inherit elementor-invisible elementor-widget elementor-widget-image\" data-id=\"712dc806\" data-element_type=\"widget\" data-e-type=\"widget\" data-settings=\"{&quot;_animation&quot;:&quot;fadeIn&quot;}\" data-widget_type=\"image.default\">\n\t\t\t\t\t\t\t\t\t\t\t\t\t\t\t<img alt=\"\" fetchpriority=\"high\" decoding=\"async\" width=\"1024\" height=\"1024\" src=\"https:\/\/szolnayzoltanimplant.hu\/wp-content\/uploads\/2025\/11\/rolunk-1.png\" class=\"attachment-full size-full wp-image-899\" srcset=\"https:\/\/szolnayzoltanimplant.hu\/wp-content\/uploads\/2025\/11\/rolunk-1.png 1024w, https:\/\/szolnayzoltanimplant.hu\/wp-content\/uploads\/2025\/11\/rolunk-1-300x300.png 300w, https:\/\/szolnayzoltanimplant.hu\/wp-content\/uploads\/2025\/11\/rolunk-1-150x150.png 150w, https:\/\/szolnayzoltanimplant.hu\/wp-content\/uploads\/2025\/11\/rolunk-1-768x768.png 768w\" sizes=\"(max-width: 1024px) 100vw, 1024px\" \/>\t\t\t\t\t\t\t\t\t\t\t\t\t\t\t<\/div>\n\t\t<div class=\"elementor-element elementor-element-12a206fa e-con-full e-flex e-con e-child\" data-id=\"12a206fa\" data-element_type=\"container\" data-e-type=\"container\">\n\t\t<div class=\"elementor-element elementor-element-b738403 e-con-full e-flex e-con e-child\" data-id=\"b738403\" data-element_type=\"container\" data-e-type=\"container\">\n\t\t\t\t<div class=\"elementor-element elementor-element-426d6c55 elementor-widget elementor-widget-heading\" data-id=\"426d6c55\" data-element_type=\"widget\" data-e-type=\"widget\" data-widget_type=\"heading.default\">\n\t\t\t\t\t<h2 class=\"elementor-heading-title elementor-size-default\">Jemand, bei dem du dich sicher f\u00fchlen kannst.\n\n<\/h2>\t\t\t\t<\/div>\n\t\t\t\t<div class=\"elementor-element elementor-element-54ea5a1 elementor-widget elementor-widget-text-editor\" data-id=\"54ea5a1\" data-element_type=\"widget\" data-e-type=\"widget\" data-widget_type=\"text-editor.default\">\n\t\t\t\t\t\t\t\t\t<p>Ich bin Dr. Zolt\u00e1n Szolnay, Gr\u00fcnder von Dekor Dent. Seit 25 Jahren bin ich Zahnarzt und seit \u00fcber 20 Jahren Oralchirurg und Implantologe. W\u00e4hrend meines Studiums habe ich mich besonders auf Implantate, Weisheitsz\u00e4hne und Knochenaufbau spezialisiert. Dar\u00fcber hinaus geh\u00f6ren Wurzelkanalbehandlungen und mikrochirurgische Eingriffe unter Vergr\u00f6\u00dferung zu meinen Spezialgebieten. Ich habe an zahlreichen praktischen Fortbildungen in Implantologie und Parodontologie teilgenommen und arbeite mit f\u00fcnf verschiedenen Implantatsystemen, darunter Alphabio und Nobel Biocare.<\/p><p>Unsere Knochenersatzverfahren reichen von einfachsten bis hin zu komplexesten Eingriffen, einschlie\u00dflich autologer Knochentransplantation. Besonders stolz bin ich darauf, dass wir in unserer Praxis PRF (pl\u00e4ttchenreiches Fibrin) aus unserem eigenen Blut f\u00fcr regenerative Eingriffe zum Knochen- und Zahnfleischersatz bei Implantaten verwenden.<\/p>\t\t\t\t\t\t\t\t<\/div>\n\t\t\t\t<\/div>\n\t\t\t\t<div class=\"elementor-element elementor-element-7523bfbc elementor-position-inline-start elementor-view-default elementor-mobile-position-block-start elementor-widget elementor-widget-icon-box\" data-id=\"7523bfbc\" data-element_type=\"widget\" data-e-type=\"widget\" data-widget_type=\"icon-box.default\">\n\t\t\t\t\t\t\t<div class=\"elementor-icon-box-wrapper\">\n\n\t\t\t\t\t\t<div class=\"elementor-icon-box-icon\">\n\t\t\t\t<span  class=\"elementor-icon\">\n\t\t\t\t<svg aria-hidden=\"true\" class=\"e-font-icon-svg e-fas-quote-right\" viewbox=\"0 0 512 512\" xmlns=\"http:\/\/www.w3.org\/2000\/svg\"><path d=\"M464 32H336c-26.5 0-48 21.5-48 48v128c0 26.5 21.5 48 48 48h80v64c0 35.3-28.7 64-64 64h-8c-13.3 0-24 10.7-24 24v48c0 13.3 10.7 24 24 24h8c88.4 0 160-71.6 160-160V80c0-26.5-21.5-48-48-48zm-288 0H48C21.5 32 0 53.5 0 80v128c0 26.5 21.5 48 48 48h80v64c0 35.3-28.7 64-64 64h-8c-13.3 0-24 10.7-24 24v48c0 13.3 10.7 24 24 24h8c88.4 0 160-71.6 160-160V80c0-26.5-21.5-48-48-48z\"><\/path><\/svg>\t\t\t\t<\/span>\n\t\t\t<\/div>\n\t\t\t\n\t\t\t\t\t\t<div class=\"elementor-icon-box-content\">\n\n\t\t\t\t\t\t\t\t\t<h6 class=\"elementor-icon-box-title\">\n\t\t\t\t\t\t<span  >\n\t\t\t\t\t\t\tDie pr\u00e4gnanteste Zusammenfassung meines Credos k\u00f6nnte lauten: Unsere Patienten verlassen unsere Praxis ohne den geringsten Stress oder die geringste Angst, l\u00e4chelnd und zufrieden.\t\t\t\t\t\t<\/span>\n\t\t\t\t\t<\/h6>\n\t\t\t\t\n\t\t\t\t\n\t\t\t<\/div>\n\t\t\t\n\t\t<\/div>\n\t\t\t\t\t\t<\/div>\n\t\t\t\t<div class=\"elementor-element elementor-element-611fc1f6 elementor-mobile-align-justify elementor-widget elementor-widget-button\" data-id=\"611fc1f6\" data-element_type=\"widget\" data-e-type=\"widget\" data-widget_type=\"button.default\">\n\t\t\t\t\t\t\t\t\t\t<a class=\"elementor-button elementor-button-link elementor-size-sm\" href=\"https:\/\/szolnayzoltanimplant.hu\/de\/elerhetosegeink-fogaszat\/\">\n\t\t\t\t\t\t<span class=\"elementor-button-content-wrapper\">\n\t\t\t\t\t\t\t\t\t<span class=\"elementor-button-text\">Vereinbaren Sie einen Termin<\/span>\n\t\t\t\t\t<\/span>\n\t\t\t\t\t<\/a>\n\t\t\t\t\t\t\t\t<\/div>\n\t\t\t\t<\/div>\n\t\t\t\t<\/div>\n\t\t<div class=\"elementor-element elementor-element-b614577 e-flex e-con-boxed e-con e-parent\" data-id=\"b614577\" data-element_type=\"container\" data-e-type=\"container\">\n\t\t\t\t\t<div class=\"e-con-inner\">\n\t\t<div class=\"elementor-element elementor-element-d14d60b e-con-full e-flex e-con e-child\" data-id=\"d14d60b\" data-element_type=\"container\" data-e-type=\"container\">\n\t\t\t\t<div class=\"elementor-element elementor-element-78d2f2b elementor-widget elementor-widget-heading\" data-id=\"78d2f2b\" data-element_type=\"widget\" data-e-type=\"widget\" data-widget_type=\"heading.default\">\n\t\t\t\t\t<h2 class=\"elementor-heading-title elementor-size-default\">Qualifikationen und beruflicher Hintergrund<\/h2>\t\t\t\t<\/div>\n\t\t\t\t<div class=\"elementor-element elementor-element-d9989ae elementor-widget elementor-widget-text-editor\" data-id=\"d9989ae\" data-element_type=\"widget\" data-e-type=\"widget\" data-widget_type=\"text-editor.default\">\n\t\t\t\t\t\t\t\t\t<p>Ich habe meine berufliche Laufbahn bewusst so gestaltet, dass ich modernste Verfahren der Implantologie, des Knochenaufbaus und der Mikrochirurgie auf h\u00f6chstem Niveau anwenden kann. Ich nehme kontinuierlich an nationalen und internationalen Fortbildungen, Konferenzen und praktischen Kursen teil, um alle Eingriffe \u2013 von der PRF-Technologie bis hin zu mikroskopischen Wurzelkanalbehandlungen \u2013 nach den neuesten Protokollen durchf\u00fchren zu k\u00f6nnen.<\/p>\t\t\t\t\t\t\t\t<\/div>\n\t\t\t\t<\/div>\n\t\t\t\t\t<\/div>\n\t\t\t\t<\/div>\n\t\t<div class=\"elementor-element elementor-element-3788b74 e-con-full elementor-hidden-desktop elementor-hidden-tablet elementor-hidden-mobile e-flex e-con e-parent\" data-id=\"3788b74\" data-element_type=\"container\" data-e-type=\"container\" data-settings=\"{&quot;background_background&quot;:&quot;classic&quot;}\">\n\t\t<div class=\"elementor-element elementor-element-6c04c7db e-con-full e-flex e-con e-child\" data-id=\"6c04c7db\" data-element_type=\"container\" data-e-type=\"container\">\n\t\t<div class=\"elementor-element elementor-element-aaaaeb0 e-con-full e-flex e-con e-child\" data-id=\"aaaaeb0\" data-element_type=\"container\" data-e-type=\"container\">\n\t\t\t\t<div class=\"elementor-element elementor-element-7b879cf9 elementor-widget elementor-widget-heading\" data-id=\"7b879cf9\" data-element_type=\"widget\" data-e-type=\"widget\" data-widget_type=\"heading.default\">\n\t\t\t\t\t<h2 class=\"elementor-heading-title elementor-size-default\">Internationale Zertifikate, Anerkennungen\n\n<\/h2>\t\t\t\t<\/div>\n\t\t\t\t<div class=\"elementor-element elementor-element-26acfb78 elementor-widget elementor-widget-text-editor\" data-id=\"26acfb78\" data-element_type=\"widget\" data-e-type=\"widget\" data-widget_type=\"text-editor.default\">\n\t\t\t\t\t\t\t\t\t<p>Mir ist es \u00e4u\u00dferst wichtig, meinen Patienten stets die modernste Behandlung auf h\u00f6chstem Niveau zu bieten. Daher nehme ich regelm\u00e4\u00dfig an nationalen und internationalen Fortbildungen teil, in denen ich mir die neuesten Techniken der Implantologie, der Weichgewebsbehandlung und der digitalen Planung aneigne. Diese Diplome und Zertifikate belegen, dass ich selbst komplexeste Eingriffe \u2013 von der Planung bis zur finalen prothetischen Versorgung \u2013 mit aktuellem Fachwissen und h\u00f6chster Kompetenz durchf\u00fchre.<\/p>\t\t\t\t\t\t\t\t<\/div>\n\t\t\t\t<\/div>\n\t\t<div class=\"elementor-element elementor-element-837f9d2 e-con-full e-flex e-con e-child\" data-id=\"837f9d2\" data-element_type=\"container\" data-e-type=\"container\">\n\t\t<div class=\"elementor-element elementor-element-777a9581 e-con-full e-flex e-con e-child\" data-id=\"777a9581\" data-element_type=\"container\" data-e-type=\"container\">\n\t\t\t\t<div class=\"elementor-element elementor-element-2c660b49 elementor-widget__width-initial elementor-widget elementor-widget-heading\" data-id=\"2c660b49\" data-element_type=\"widget\" data-e-type=\"widget\" data-widget_type=\"heading.default\">\n\t\t\t\t\t<h4 class=\"elementor-heading-title elementor-size-default\">01<\/h4>\t\t\t\t<\/div>\n\t\t\t\t<div class=\"elementor-element elementor-element-1d5999d9 elementor-widget elementor-widget-heading\" data-id=\"1d5999d9\" data-element_type=\"widget\" data-e-type=\"widget\" data-widget_type=\"heading.default\">\n\t\t\t\t\t<h4 class=\"elementor-heading-title elementor-size-default\">Nobel Biocare \u2013 iOS, DTX Studio Clinic Kurs (digitales Design, Workflow)<\/h4>\t\t\t\t<\/div>\n\t\t\t\t<\/div>\n\t\t<div class=\"elementor-element elementor-element-13aa1308 e-con-full e-flex e-con e-child\" data-id=\"13aa1308\" data-element_type=\"container\" data-e-type=\"container\">\n\t\t\t\t<div class=\"elementor-element elementor-element-cd39137 elementor-widget__width-initial elementor-widget elementor-widget-heading\" data-id=\"cd39137\" data-element_type=\"widget\" data-e-type=\"widget\" data-widget_type=\"heading.default\">\n\t\t\t\t\t<h4 class=\"elementor-heading-title elementor-size-default\">02<\/h4>\t\t\t\t<\/div>\n\t\t\t\t<div class=\"elementor-element elementor-element-3d76923b elementor-widget elementor-widget-heading\" data-id=\"3d76923b\" data-element_type=\"widget\" data-e-type=\"widget\" data-widget_type=\"heading.default\">\n\t\t\t\t\t<h4 class=\"elementor-heading-title elementor-size-default\">Nobel Biocare \u2013 Profilierung von Hart- und Weichgewebe, prothetische Prinzipien im Bereich Implantate<\/h4>\t\t\t\t<\/div>\n\t\t\t\t<\/div>\n\t\t<div class=\"elementor-element elementor-element-29b812b2 e-con-full e-flex e-con e-child\" data-id=\"29b812b2\" data-element_type=\"container\" data-e-type=\"container\">\n\t\t\t\t<div class=\"elementor-element elementor-element-38b750e9 elementor-widget__width-initial elementor-widget elementor-widget-heading\" data-id=\"38b750e9\" data-element_type=\"widget\" data-e-type=\"widget\" data-widget_type=\"heading.default\">\n\t\t\t\t\t<h4 class=\"elementor-heading-title elementor-size-default\">03<\/h4>\t\t\t\t<\/div>\n\t\t\t\t<div class=\"elementor-element elementor-element-7bfe07ee elementor-widget elementor-widget-heading\" data-id=\"7bfe07ee\" data-element_type=\"widget\" data-e-type=\"widget\" data-widget_type=\"heading.default\">\n\t\t\t\t\t<h4 class=\"elementor-heading-title elementor-size-default\">Nobel Biocare \u2013 Schnittstellen: Flexibilit\u00e4t auf allen Ebenen (Implantatprothetikl\u00f6sungen)<\/h4>\t\t\t\t<\/div>\n\t\t\t\t<\/div>\n\t\t<div class=\"elementor-element elementor-element-2143b36e e-con-full e-flex e-con e-child\" data-id=\"2143b36e\" data-element_type=\"container\" data-e-type=\"container\">\n\t\t\t\t<div class=\"elementor-element elementor-element-6ec4a97 elementor-widget__width-initial elementor-widget elementor-widget-heading\" data-id=\"6ec4a97\" data-element_type=\"widget\" data-e-type=\"widget\" data-widget_type=\"heading.default\">\n\t\t\t\t\t<h4 class=\"elementor-heading-title elementor-size-default\">04<\/h4>\t\t\t\t<\/div>\n\t\t\t\t<div class=\"elementor-element elementor-element-7f2adfa7 elementor-widget elementor-widget-heading\" data-id=\"7f2adfa7\" data-element_type=\"widget\" data-e-type=\"widget\" data-widget_type=\"heading.default\">\n\t\t\t\t\t<h4 class=\"elementor-heading-title elementor-size-default\">Megagen \/ Helvetic Clinics \u2013 Weichgewebsformung um Implantate, digitales Design und 3D-Druck von individuellen Gingivaformern<\/h4>\t\t\t\t<\/div>\n\t\t\t\t<\/div>\n\t\t<div class=\"elementor-element elementor-element-08037cd e-con-full e-flex e-con e-child\" data-id=\"08037cd\" data-element_type=\"container\" data-e-type=\"container\">\n\t\t\t\t<div class=\"elementor-element elementor-element-e05f147 elementor-widget__width-initial elementor-widget elementor-widget-heading\" data-id=\"e05f147\" data-element_type=\"widget\" data-e-type=\"widget\" data-widget_type=\"heading.default\">\n\t\t\t\t\t<h4 class=\"elementor-heading-title elementor-size-default\">05<\/h4>\t\t\t\t<\/div>\n\t\t\t\t<div class=\"elementor-element elementor-element-78c5992 elementor-widget elementor-widget-heading\" data-id=\"78c5992\" data-element_type=\"widget\" data-e-type=\"widget\" data-widget_type=\"heading.default\">\n\t\t\t\t\t<h4 class=\"elementor-heading-title elementor-size-default\">Paltop Implantatsystem \u2013 Seminar zum digitalen Arbeitsablauf (digitaler Arbeitsablauf in der Implantologie)<\/h4>\t\t\t\t<\/div>\n\t\t\t\t<\/div>\n\t\t\t\t<\/div>\n\t\t\t\t<\/div>\n\t\t\t\t<\/div>\n\t\t<div class=\"elementor-element elementor-element-a0effdd e-con-full e-flex e-con e-parent\" data-id=\"a0effdd\" data-element_type=\"container\" data-e-type=\"container\" data-settings=\"{&quot;background_background&quot;:&quot;classic&quot;}\">\n\t\t<div class=\"elementor-element elementor-element-f59c4db e-con-full e-flex e-con e-child\" data-id=\"f59c4db\" data-element_type=\"container\" data-e-type=\"container\">\n\t\t<div class=\"elementor-element elementor-element-1aecf89 e-con-full e-flex e-con e-child\" data-id=\"1aecf89\" data-element_type=\"container\" data-e-type=\"container\">\n\t\t\t\t<div class=\"elementor-element elementor-element-ecceb60 elementor-widget elementor-widget-heading\" data-id=\"ecceb60\" data-element_type=\"widget\" data-e-type=\"widget\" data-widget_type=\"heading.default\">\n\t\t\t\t\t<h2 class=\"elementor-heading-title elementor-size-default\">Internationale Zertifikate, Anerkennungen\n\n<\/h2>\t\t\t\t<\/div>\n\t\t\t\t<div class=\"elementor-element elementor-element-732f590 elementor-widget elementor-widget-text-editor\" data-id=\"732f590\" data-element_type=\"widget\" data-e-type=\"widget\" data-widget_type=\"text-editor.default\">\n\t\t\t\t\t\t\t\t\t<p>Mir ist es \u00e4u\u00dferst wichtig, meinen Patienten stets die modernste Behandlung auf h\u00f6chstem Niveau zu bieten. Daher nehme ich regelm\u00e4\u00dfig an nationalen und internationalen Fortbildungen teil, in denen ich mir die neuesten Techniken der Implantologie, der Weichgewebsbehandlung und der digitalen Planung aneigne. Diese Diplome und Zertifikate belegen, dass ich selbst komplexeste Eingriffe \u2013 von der Planung bis zur finalen prothetischen Versorgung \u2013 mit aktuellem Fachwissen und h\u00f6chster Kompetenz durchf\u00fchre.<\/p>\t\t\t\t\t\t\t\t<\/div>\n\t\t\t\t<\/div>\n\t\t<div class=\"elementor-element elementor-element-462d6bb e-con-full e-flex e-con e-child\" data-id=\"462d6bb\" data-element_type=\"container\" data-e-type=\"container\">\n\t\t<div class=\"elementor-element elementor-element-4c65d5b e-con-full e-flex e-con e-child\" data-id=\"4c65d5b\" data-element_type=\"container\" data-e-type=\"container\">\n\t\t<div class=\"elementor-element elementor-element-a917567 e-con-full e-flex e-con e-child\" data-id=\"a917567\" data-element_type=\"container\" data-e-type=\"container\">\n\t\t\t\t<div class=\"elementor-element elementor-element-66d1070 elementor-widget__width-initial elementor-widget elementor-widget-heading\" data-id=\"66d1070\" data-element_type=\"widget\" data-e-type=\"widget\" data-widget_type=\"heading.default\">\n\t\t\t\t\t<h4 class=\"elementor-heading-title elementor-size-default\">01<\/h4>\t\t\t\t<\/div>\n\t\t\t\t<div class=\"elementor-element elementor-element-0fe6198 elementor-widget elementor-widget-heading\" data-id=\"0fe6198\" data-element_type=\"widget\" data-e-type=\"widget\" data-widget_type=\"heading.default\">\n\t\t\t\t\t<h4 class=\"elementor-heading-title elementor-size-default\">Nobel Biocare \u2013 iOS, DTX Studio Clinic Kurs (digitales Design, Workflow)<\/h4>\t\t\t\t<\/div>\n\t\t\t\t<\/div>\n\t\t<div class=\"elementor-element elementor-element-bfac37a e-con-full e-flex e-con e-child\" data-id=\"bfac37a\" data-element_type=\"container\" data-e-type=\"container\">\n\t\t\t\t<div class=\"elementor-element elementor-element-77238b8 elementor-widget__width-initial elementor-widget elementor-widget-heading\" data-id=\"77238b8\" data-element_type=\"widget\" data-e-type=\"widget\" data-widget_type=\"heading.default\">\n\t\t\t\t\t<h4 class=\"elementor-heading-title elementor-size-default\">02<\/h4>\t\t\t\t<\/div>\n\t\t\t\t<div class=\"elementor-element elementor-element-7935d76 elementor-widget elementor-widget-heading\" data-id=\"7935d76\" data-element_type=\"widget\" data-e-type=\"widget\" data-widget_type=\"heading.default\">\n\t\t\t\t\t<h4 class=\"elementor-heading-title elementor-size-default\">Nobel Biocare \u2013 Profilierung von Hart- und Weichgewebe, prothetische Prinzipien im Bereich Implantate<\/h4>\t\t\t\t<\/div>\n\t\t\t\t<\/div>\n\t\t<div class=\"elementor-element elementor-element-c54f6d9 e-con-full e-flex e-con e-child\" data-id=\"c54f6d9\" data-element_type=\"container\" data-e-type=\"container\">\n\t\t\t\t<div class=\"elementor-element elementor-element-9f788e4 elementor-widget__width-initial elementor-widget elementor-widget-heading\" data-id=\"9f788e4\" data-element_type=\"widget\" data-e-type=\"widget\" data-widget_type=\"heading.default\">\n\t\t\t\t\t<h4 class=\"elementor-heading-title elementor-size-default\">03<\/h4>\t\t\t\t<\/div>\n\t\t\t\t<div class=\"elementor-element elementor-element-3126f8d elementor-widget elementor-widget-heading\" data-id=\"3126f8d\" data-element_type=\"widget\" data-e-type=\"widget\" data-widget_type=\"heading.default\">\n\t\t\t\t\t<h4 class=\"elementor-heading-title elementor-size-default\">Nobel Biocare \u2013 Schnittstellen: Flexibilit\u00e4t auf allen Ebenen (Implantatprothetikl\u00f6sungen)<\/h4>\t\t\t\t<\/div>\n\t\t\t\t<\/div>\n\t\t<div class=\"elementor-element elementor-element-d7df4ef e-con-full e-flex e-con e-child\" data-id=\"d7df4ef\" data-element_type=\"container\" data-e-type=\"container\">\n\t\t\t\t<div class=\"elementor-element elementor-element-8401aec elementor-widget__width-initial elementor-widget elementor-widget-heading\" data-id=\"8401aec\" data-element_type=\"widget\" data-e-type=\"widget\" data-widget_type=\"heading.default\">\n\t\t\t\t\t<h4 class=\"elementor-heading-title elementor-size-default\">04<\/h4>\t\t\t\t<\/div>\n\t\t\t\t<div class=\"elementor-element elementor-element-25c546e elementor-widget elementor-widget-heading\" data-id=\"25c546e\" data-element_type=\"widget\" data-e-type=\"widget\" data-widget_type=\"heading.default\">\n\t\t\t\t\t<h4 class=\"elementor-heading-title elementor-size-default\">Megagen \/ Helvetic Clinics \u2013 Weichgewebsformung um Implantate, digitales Design und 3D-Druck von individuellen Gingivaformern<\/h4>\t\t\t\t<\/div>\n\t\t\t\t<\/div>\n\t\t<div class=\"elementor-element elementor-element-ad9fc41 e-con-full e-flex e-con e-child\" data-id=\"ad9fc41\" data-element_type=\"container\" data-e-type=\"container\">\n\t\t\t\t<div class=\"elementor-element elementor-element-0740311 elementor-widget__width-initial elementor-widget elementor-widget-heading\" data-id=\"0740311\" data-element_type=\"widget\" data-e-type=\"widget\" data-widget_type=\"heading.default\">\n\t\t\t\t\t<h4 class=\"elementor-heading-title elementor-size-default\">05<\/h4>\t\t\t\t<\/div>\n\t\t\t\t<div class=\"elementor-element elementor-element-046ef75 elementor-widget elementor-widget-heading\" data-id=\"046ef75\" data-element_type=\"widget\" data-e-type=\"widget\" data-widget_type=\"heading.default\">\n\t\t\t\t\t<h4 class=\"elementor-heading-title elementor-size-default\">Paltop Implantatsystem \u2013 Seminar zum digitalen Arbeitsablauf (digitaler Arbeitsablauf in der Implantologie)<\/h4>\t\t\t\t<\/div>\n\t\t\t\t<\/div>\n\t\t\t\t<\/div>\n\t\t\t\t<div class=\"elementor-element elementor-element-27b7bee elementor-widget__width-inherit elementor-widget-tablet__width-inherit elementor-invisible elementor-widget elementor-widget-image\" data-id=\"27b7bee\" data-element_type=\"widget\" data-e-type=\"widget\" data-settings=\"{&quot;_animation&quot;:&quot;fadeIn&quot;}\" data-widget_type=\"image.default\">\n\t\t\t\t\t\t\t\t\t\t\t\t\t\t\t<img alt=\"\" decoding=\"async\" width=\"1600\" height=\"1200\" src=\"https:\/\/szolnayzoltanimplant.hu\/wp-content\/uploads\/2026\/01\/rolunk.jpg\" class=\"attachment-full size-full wp-image-2812\" srcset=\"https:\/\/szolnayzoltanimplant.hu\/wp-content\/uploads\/2026\/01\/rolunk.jpg 1600w, https:\/\/szolnayzoltanimplant.hu\/wp-content\/uploads\/2026\/01\/rolunk-300x225.jpg 300w, https:\/\/szolnayzoltanimplant.hu\/wp-content\/uploads\/2026\/01\/rolunk-1024x768.jpg 1024w, https:\/\/szolnayzoltanimplant.hu\/wp-content\/uploads\/2026\/01\/rolunk-768x576.jpg 768w, https:\/\/szolnayzoltanimplant.hu\/wp-content\/uploads\/2026\/01\/rolunk-1536x1152.jpg 1536w\" sizes=\"(max-width: 1600px) 100vw, 1600px\" \/>\t\t\t\t\t\t\t\t\t\t\t\t\t\t\t<\/div>\n\t\t\t\t<\/div>\n\t\t\t\t<\/div>\n\t\t\t\t<\/div>\n\t\t\t\t<\/div>","protected":false},"excerpt":{"rendered":"<p>Szakmai utam \u00e9s hitvall\u00e1som Minden p\u00e1ciens\u00fcnk szem\u00e9lyre szabott, egyedi kezel\u00e9si \u00fctemtervet kap \u2014 mindig az ig\u00e9nyeihez \u00e9s a legjobb szakmai megold\u00e1sokhoz igaz\u00edtva. Aki mellett biztons\u00e1gban \u00e9rezheti mag\u00e1t Dr. Szolnay Zolt\u00e1n vagyok, a Dekor Dent alap\u00edt\u00f3ja. Huszon\u00f6t \u00e9ve dolgozom fogorvosk\u00e9nt, t\u00f6bb mint 20 \u00e9ve pedig sz\u00e1jseb\u00e9szk\u00e9nt \u00e9s implantol\u00f3gusk\u00e9nt is. Tanulm\u00e1nyaim sor\u00e1n k\u00fcl\u00f6n\u00f6sen nagy hangs\u00falyt fektettem az [&hellip;]<\/p>\n","protected":false},"author":1,"featured_media":0,"parent":0,"menu_order":0,"comment_status":"closed","ping_status":"closed","template":"elementor_header_footer","meta":{"_seopress_robots_primary_cat":"","_seopress_titles_title":"Dr. Szolnay Zolt\u00e1n bemutatkoz\u00e1sa - Fogorvos, Implantol\u00f3gus","_seopress_titles_desc":"Ismerje meg Dr. Szolnay Zolt\u00e1n szakmai h\u00e1tter\u00e9t, tanulm\u00e1nyait \u00e9s a p\u00e1ciensk\u00f6zpont\u00fa fog\u00e1szat melletti elk\u00f6telez\u0151d\u00e9s\u00e9t. Forduljon hozz\u00e1m bizalommal!","_seopress_robots_index":"","footnotes":""},"class_list":["post-56","page","type-page","status-publish","hentry"],"_links":{"self":[{"href":"https:\/\/szolnayzoltanimplant.hu\/de\/wp-json\/wp\/v2\/pages\/56","targetHints":{"allow":["GET"]}}],"collection":[{"href":"https:\/\/szolnayzoltanimplant.hu\/de\/wp-json\/wp\/v2\/pages"}],"about":[{"href":"https:\/\/szolnayzoltanimplant.hu\/de\/wp-json\/wp\/v2\/types\/page"}],"author":[{"embeddable":true,"href":"https:\/\/szolnayzoltanimplant.hu\/de\/wp-json\/wp\/v2\/users\/1"}],"replies":[{"embeddable":true,"href":"https:\/\/szolnayzoltanimplant.hu\/de\/wp-json\/wp\/v2\/comments?post=56"}],"version-history":[{"count":85,"href":"https:\/\/szolnayzoltanimplant.hu\/de\/wp-json\/wp\/v2\/pages\/56\/revisions"}],"predecessor-version":[{"id":3185,"href":"https:\/\/szolnayzoltanimplant.hu\/de\/wp-json\/wp\/v2\/pages\/56\/revisions\/3185"}],"wp:attachment":[{"href":"https:\/\/szolnayzoltanimplant.hu\/de\/wp-json\/wp\/v2\/media?parent=56"}],"curies":[{"name":"wp","href":"https:\/\/api.w.org\/{rel}","templated":true}]}}